{"id":610,"date":"2025-06-04T14:53:53","date_gmt":"2025-06-04T12:53:53","guid":{"rendered":"https:\/\/today.fi\/?post_type=product&#038;p=610"},"modified":"2026-03-25T14:11:35","modified_gmt":"2026-03-25T12:11:35","slug":"552-kukka-neulejakku","status":"publish","type":"product","link":"https:\/\/today.fi\/?product=552-kukka-neulejakku","title":{"rendered":"552 Kukka-neulejakku"},"content":{"rendered":"<p>52% acryl, 20%polyester, 28%nylon.<\/p>\n<p>Onesize (36-42).<\/p>\n<p>Monik\u00e4ytt\u00f6nen neulejakku.<\/p>\n<p>Kai-kai 68cm. selk\u00e4puolelta mitattuna.<\/p>\n<p>Olka-helma 78cm.<\/p>\n","protected":false},"excerpt":{"rendered":"<p>52% acryl, 20%polyester, 28%nylon. Onesize (36-42). Monik\u00e4ytt\u00f6nen neulejakku. Kai-kai 68cm. selk\u00e4puolelta mitattuna. Olka-helma 78cm.<\/p>\n","protected":false},"featured_media":591,"comment_status":"open","ping_status":"closed","template":"","meta":{"_et_pb_use_builder":"","_et_pb_old_content":"","_et_gb_content_width":""},"product_brand":[],"product_cat":[26],"product_tag":[],"class_list":{"0":"post-610","1":"product","2":"type-product","3":"status-publish","4":"has-post-thumbnail","6":"product_cat-ylaosat","8":"first","9":"instock","10":"taxable","11":"shipping-taxable","12":"purchasable","13":"product-type-variable"},"jetpack_sharing_enabled":true,"_links":{"self":[{"href":"https:\/\/today.fi\/index.php?rest_route=\/wp\/v2\/product\/610","targetHints":{"allow":["GET"]}}],"collection":[{"href":"https:\/\/today.fi\/index.php?rest_route=\/wp\/v2\/product"}],"about":[{"href":"https:\/\/today.fi\/index.php?rest_route=\/wp\/v2\/types\/product"}],"replies":[{"embeddable":true,"href":"https:\/\/today.fi\/index.php?rest_route=%2Fwp%2Fv2%2Fcomments&post=610"}],"wp:featuredmedia":[{"embeddable":true,"href":"https:\/\/today.fi\/index.php?rest_route=\/wp\/v2\/media\/591"}],"wp:attachment":[{"href":"https:\/\/today.fi\/index.php?rest_route=%2Fwp%2Fv2%2Fmedia&parent=610"}],"wp:term":[{"taxonomy":"product_brand","embeddable":true,"href":"https:\/\/today.fi\/index.php?rest_route=%2Fwp%2Fv2%2Fproduct_brand&post=610"},{"taxonomy":"product_cat","embeddable":true,"href":"https:\/\/today.fi\/index.php?rest_route=%2Fwp%2Fv2%2Fproduct_cat&post=610"},{"taxonomy":"product_tag","embeddable":true,"href":"https:\/\/today.fi\/index.php?rest_route=%2Fwp%2Fv2%2Fproduct_tag&post=610"}],"curies":[{"name":"wp","href":"https:\/\/api.w.org\/{rel}","templated":true}]}}