{"id":920,"date":"2025-06-24T06:57:42","date_gmt":"2025-06-24T04:57:42","guid":{"rendered":"https:\/\/today.fi\/?post_type=product&#038;p=920"},"modified":"2025-10-10T11:20:28","modified_gmt":"2025-10-10T09:20:28","slug":"hiusdonitsi-kukka","status":"publish","type":"product","link":"https:\/\/today.fi\/?product=hiusdonitsi-kukka","title":{"rendered":"Hiusdonitsi kukka"},"content":{"rendered":"<p>Topattu ihana hiusdonitsi.<\/p>\n<p>Leveys 16cm.<\/p>\n<p>T\u00e4m\u00e4n avulla saat tehty\u00e4 ihanan kes\u00e4kampauksen.<\/p>\n","protected":false},"excerpt":{"rendered":"<p>Topattu ihana hiusdonitsi. Leveys 16cm. T\u00e4m\u00e4n avulla saat tehty\u00e4 ihanan kes\u00e4kampauksen.<\/p>\n","protected":false},"featured_media":968,"comment_status":"open","ping_status":"closed","template":"","meta":{"_et_pb_use_builder":"","_et_pb_old_content":"","_et_gb_content_width":""},"product_brand":[],"product_cat":[18,39],"product_tag":[],"class_list":{"0":"post-920","1":"product","2":"type-product","3":"status-publish","4":"has-post-thumbnail","6":"product_cat-asusteet","7":"product_cat-hiuskoristeet","9":"first","10":"instock","11":"taxable","12":"shipping-taxable","13":"purchasable","14":"product-type-variable"},"jetpack_sharing_enabled":true,"_links":{"self":[{"href":"https:\/\/today.fi\/index.php?rest_route=\/wp\/v2\/product\/920","targetHints":{"allow":["GET"]}}],"collection":[{"href":"https:\/\/today.fi\/index.php?rest_route=\/wp\/v2\/product"}],"about":[{"href":"https:\/\/today.fi\/index.php?rest_route=\/wp\/v2\/types\/product"}],"replies":[{"embeddable":true,"href":"https:\/\/today.fi\/index.php?rest_route=%2Fwp%2Fv2%2Fcomments&post=920"}],"wp:featuredmedia":[{"embeddable":true,"href":"https:\/\/today.fi\/index.php?rest_route=\/wp\/v2\/media\/968"}],"wp:attachment":[{"href":"https:\/\/today.fi\/index.php?rest_route=%2Fwp%2Fv2%2Fmedia&parent=920"}],"wp:term":[{"taxonomy":"product_brand","embeddable":true,"href":"https:\/\/today.fi\/index.php?rest_route=%2Fwp%2Fv2%2Fproduct_brand&post=920"},{"taxonomy":"product_cat","embeddable":true,"href":"https:\/\/today.fi\/index.php?rest_route=%2Fwp%2Fv2%2Fproduct_cat&post=920"},{"taxonomy":"product_tag","embeddable":true,"href":"https:\/\/today.fi\/index.php?rest_route=%2Fwp%2Fv2%2Fproduct_tag&post=920"}],"curies":[{"name":"wp","href":"https:\/\/api.w.org\/{rel}","templated":true}]}}