{"id":924,"date":"2025-06-24T06:57:43","date_gmt":"2025-06-24T04:57:43","guid":{"rendered":"https:\/\/today.fi\/?post_type=product&#038;p=924"},"modified":"2026-03-25T14:09:58","modified_gmt":"2026-03-25T12:09:58","slug":"wy-6h-kimalle-farkku","status":"publish","type":"product","link":"https:\/\/today.fi\/?product=wy-6h-kimalle-farkku","title":{"rendered":"WY-6H Kimalle farkku"},"content":{"rendered":"<p>96% cotton, 3% polyester, 1%elastaani.<\/p>\n<p>Muodikas suora lahje.<\/p>\n<p>Korkea vy\u00f6t\u00e4r\u00f6.<\/p>\n<p>Kimalteet etupuolella.<\/p>\n<p>XS:\u00a0 Vy\u00f6t\u00e4r\u00f6 venytt\u00e4m\u00e4tt\u00e4 68cm. Vy\u00f6t\u00e4r\u00f6 venytettyn\u00e4 75cm. Lantio venytettyn\u00e4 96cm. Lahje sis\u00e4mitta 77cm.<\/p>\n<p>S: Vy\u00f6t\u00e4r\u00f6 venytt\u00e4m\u00e4tt\u00e4 71cm. Vy\u00f6t\u00e4r\u00f6 venytettyn\u00e4 82cm. Lantio venytettyn\u00e4 100cm. Lahje sis\u00e4mitta 77cm.<\/p>\n<p>M: Vy\u00f6t\u00e4r\u00f6 venytt\u00e4m\u00e4tt\u00e4 79cm. Vy\u00f6t\u00e4r\u00f6 venytettyn\u00e4 86cm. Lantio venytettyn\u00e4 106cm. Lahkeen sis\u00e4mitta 77cm.<\/p>\n<p>L: Vy\u00f6t\u00e4r\u00f6 venytt\u00e4m\u00e4tt\u00e4 81cm. Vy\u00f6t\u00e4r\u00f6 venytettyn\u00e4 90cm. Lantio venytettyn\u00e4 112cm. Lahkeen sis\u00e4mitta 77cm.<\/p>\n<p>XL: Vy\u00f6t\u00e4r\u00f6 venytt\u00e4m\u00e4tt\u00e4 87cm. Vy\u00f6t\u00e4r\u00f6 venytettyn\u00e4 97cm. Lantio venytettyn\u00e4 116cm. Lahkeen sis\u00e4mitta 77cm.<\/p>\n","protected":false},"excerpt":{"rendered":"<p>96% cotton, 3% polyester, 1%elastaani. Muodikas suora lahje. Korkea vy\u00f6t\u00e4r\u00f6. Kimalteet etupuolella. XS:\u00a0 Vy\u00f6t\u00e4r\u00f6 venytt\u00e4m\u00e4tt\u00e4 68cm. Vy\u00f6t\u00e4r\u00f6 venytettyn\u00e4 75cm. Lantio venytettyn\u00e4 96cm. Lahje sis\u00e4mitta 77cm. S: Vy\u00f6t\u00e4r\u00f6 venytt\u00e4m\u00e4tt\u00e4 71cm. Vy\u00f6t\u00e4r\u00f6 venytettyn\u00e4 82cm. Lantio venytettyn\u00e4 100cm. Lahje sis\u00e4mitta 77cm. M: Vy\u00f6t\u00e4r\u00f6 venytt\u00e4m\u00e4tt\u00e4 79cm. Vy\u00f6t\u00e4r\u00f6 venytettyn\u00e4 86cm. Lantio venytettyn\u00e4 106cm. Lahkeen sis\u00e4mitta 77cm. L: Vy\u00f6t\u00e4r\u00f6 venytt\u00e4m\u00e4tt\u00e4 81cm. [&hellip;]<\/p>\n","protected":false},"featured_media":972,"comment_status":"open","ping_status":"closed","template":"","meta":{"_et_pb_use_builder":"","_et_pb_old_content":"","_et_gb_content_width":""},"product_brand":[],"product_cat":[40],"product_tag":[],"class_list":{"0":"post-924","1":"product","2":"type-product","3":"status-publish","4":"has-post-thumbnail","6":"product_cat-farkut","8":"first","9":"instock","10":"taxable","11":"shipping-taxable","12":"purchasable","13":"product-type-variable"},"jetpack_sharing_enabled":true,"_links":{"self":[{"href":"https:\/\/today.fi\/index.php?rest_route=\/wp\/v2\/product\/924","targetHints":{"allow":["GET"]}}],"collection":[{"href":"https:\/\/today.fi\/index.php?rest_route=\/wp\/v2\/product"}],"about":[{"href":"https:\/\/today.fi\/index.php?rest_route=\/wp\/v2\/types\/product"}],"replies":[{"embeddable":true,"href":"https:\/\/today.fi\/index.php?rest_route=%2Fwp%2Fv2%2Fcomments&post=924"}],"wp:featuredmedia":[{"embeddable":true,"href":"https:\/\/today.fi\/index.php?rest_route=\/wp\/v2\/media\/972"}],"wp:attachment":[{"href":"https:\/\/today.fi\/index.php?rest_route=%2Fwp%2Fv2%2Fmedia&parent=924"}],"wp:term":[{"taxonomy":"product_brand","embeddable":true,"href":"https:\/\/today.fi\/index.php?rest_route=%2Fwp%2Fv2%2Fproduct_brand&post=924"},{"taxonomy":"product_cat","embeddable":true,"href":"https:\/\/today.fi\/index.php?rest_route=%2Fwp%2Fv2%2Fproduct_cat&post=924"},{"taxonomy":"product_tag","embeddable":true,"href":"https:\/\/today.fi\/index.php?rest_route=%2Fwp%2Fv2%2Fproduct_tag&post=924"}],"curies":[{"name":"wp","href":"https:\/\/api.w.org\/{rel}","templated":true}]}}