{"id":953,"date":"2025-06-24T06:58:05","date_gmt":"2025-06-24T04:58:05","guid":{"rendered":"https:\/\/today.fi\/?post_type=product&#038;p=953"},"modified":"2026-03-25T14:09:03","modified_gmt":"2026-03-25T12:09:03","slug":"joustohousu-kuvio","status":"publish","type":"product","link":"https:\/\/today.fi\/?product=joustohousu-kuvio","title":{"rendered":"Joustohousu kuvio"},"content":{"rendered":"<p>76% viskoosi, 20% polyamidi, 4% elastaani.<\/p>\n<p>Onesize ( 34-38).<\/p>\n<p>Kuminauha vy\u00f6t\u00e4r\u00f6. Kiristysnaru josta voi s\u00e4\u00e4t\u00e4\u00e4.<\/p>\n<p>Edess\u00e4 taskut.<\/p>\n<p>Kivat koristeet edess\u00e4.<\/p>\n<p>Hyv\u00e4 joustavuus.<\/p>\n<p>Vy\u00f6t\u00e4r\u00f6 venytt\u00e4m\u00e4tt\u00e4 74cm. Vy\u00f6t\u00e4r\u00f6 venytettyn\u00e4 106cm. Lahkeen sis\u00e4sauma mitta 70cm.<\/p>\n<p>&nbsp;<\/p>\n","protected":false},"excerpt":{"rendered":"<p>76% viskoosi, 20% polyamidi, 4% elastaani. Onesize ( 34-38). Kuminauha vy\u00f6t\u00e4r\u00f6. Kiristysnaru josta voi s\u00e4\u00e4t\u00e4\u00e4. Edess\u00e4 taskut. Kivat koristeet edess\u00e4. Hyv\u00e4 joustavuus. Vy\u00f6t\u00e4r\u00f6 venytt\u00e4m\u00e4tt\u00e4 74cm. Vy\u00f6t\u00e4r\u00f6 venytettyn\u00e4 106cm. Lahkeen sis\u00e4sauma mitta 70cm. &nbsp;<\/p>\n","protected":false},"featured_media":978,"comment_status":"open","ping_status":"closed","template":"","meta":{"_et_pb_use_builder":"","_et_pb_old_content":"","_et_gb_content_width":""},"product_brand":[],"product_cat":[22],"product_tag":[],"class_list":{"0":"post-953","1":"product","2":"type-product","3":"status-publish","4":"has-post-thumbnail","6":"product_cat-housut","8":"first","9":"instock","10":"taxable","11":"shipping-taxable","12":"purchasable","13":"product-type-variable"},"jetpack_sharing_enabled":true,"_links":{"self":[{"href":"https:\/\/today.fi\/index.php?rest_route=\/wp\/v2\/product\/953","targetHints":{"allow":["GET"]}}],"collection":[{"href":"https:\/\/today.fi\/index.php?rest_route=\/wp\/v2\/product"}],"about":[{"href":"https:\/\/today.fi\/index.php?rest_route=\/wp\/v2\/types\/product"}],"replies":[{"embeddable":true,"href":"https:\/\/today.fi\/index.php?rest_route=%2Fwp%2Fv2%2Fcomments&post=953"}],"wp:featuredmedia":[{"embeddable":true,"href":"https:\/\/today.fi\/index.php?rest_route=\/wp\/v2\/media\/978"}],"wp:attachment":[{"href":"https:\/\/today.fi\/index.php?rest_route=%2Fwp%2Fv2%2Fmedia&parent=953"}],"wp:term":[{"taxonomy":"product_brand","embeddable":true,"href":"https:\/\/today.fi\/index.php?rest_route=%2Fwp%2Fv2%2Fproduct_brand&post=953"},{"taxonomy":"product_cat","embeddable":true,"href":"https:\/\/today.fi\/index.php?rest_route=%2Fwp%2Fv2%2Fproduct_cat&post=953"},{"taxonomy":"product_tag","embeddable":true,"href":"https:\/\/today.fi\/index.php?rest_route=%2Fwp%2Fv2%2Fproduct_tag&post=953"}],"curies":[{"name":"wp","href":"https:\/\/api.w.org\/{rel}","templated":true}]}}