{"id":956,"date":"2025-06-24T06:58:06","date_gmt":"2025-06-24T04:58:06","guid":{"rendered":"https:\/\/today.fi\/?post_type=product&#038;p=956"},"modified":"2025-12-09T15:43:24","modified_gmt":"2025-12-09T13:43:24","slug":"sp52-5-porropistokas","status":"publish","type":"product","link":"https:\/\/today.fi\/?product=sp52-5-porropistokas","title":{"rendered":"SP52-5 P\u00f6rr\u00f6Pistokas"},"content":{"rendered":"<p>Pinta: Pehme\u00e4 p\u00f6rr\u00f6inen tekstiili<\/p>\n<p>Sis\u00e4pohja ja vuori: Pehme\u00e4 teddy-kangas.<\/p>\n<p>Pohja: EWA-materiaali.<\/p>\n<p>Pistokas mallinen. P\u00e4\u00e4ll\u00e4 ihana rusetti-nallekoriste.<\/p>\n<p>Koko 36\/37 sis\u00e4mitta 23,5cm.<\/p>\n<p>Koko 38\/39 sis\u00e4mitta 25cm.<\/p>\n<p>Koko 40\/41 sis\u00e4mitta 26cm.<\/p>\n","protected":false},"excerpt":{"rendered":"<p>Pinta: Pehme\u00e4 p\u00f6rr\u00f6inen tekstiili Sis\u00e4pohja ja vuori: Pehme\u00e4 teddy-kangas. Pohja: EWA-materiaali. Pistokas mallinen. P\u00e4\u00e4ll\u00e4 ihana rusetti-nallekoriste. Koko 36\/37 sis\u00e4mitta 23,5cm. Koko 38\/39 sis\u00e4mitta 25cm. Koko 40\/41 sis\u00e4mitta 26cm.<\/p>\n","protected":false},"featured_media":982,"comment_status":"open","ping_status":"closed","template":"","meta":{"_et_pb_use_builder":"","_et_pb_old_content":"","_et_gb_content_width":""},"product_brand":[],"product_cat":[41],"product_tag":[],"class_list":{"0":"post-956","1":"product","2":"type-product","3":"status-publish","4":"has-post-thumbnail","6":"product_cat-ale","8":"first","9":"instock","10":"taxable","11":"shipping-taxable","12":"purchasable","13":"product-type-variable"},"jetpack_sharing_enabled":true,"_links":{"self":[{"href":"https:\/\/today.fi\/index.php?rest_route=\/wp\/v2\/product\/956","targetHints":{"allow":["GET"]}}],"collection":[{"href":"https:\/\/today.fi\/index.php?rest_route=\/wp\/v2\/product"}],"about":[{"href":"https:\/\/today.fi\/index.php?rest_route=\/wp\/v2\/types\/product"}],"replies":[{"embeddable":true,"href":"https:\/\/today.fi\/index.php?rest_route=%2Fwp%2Fv2%2Fcomments&post=956"}],"wp:featuredmedia":[{"embeddable":true,"href":"https:\/\/today.fi\/index.php?rest_route=\/wp\/v2\/media\/982"}],"wp:attachment":[{"href":"https:\/\/today.fi\/index.php?rest_route=%2Fwp%2Fv2%2Fmedia&parent=956"}],"wp:term":[{"taxonomy":"product_brand","embeddable":true,"href":"https:\/\/today.fi\/index.php?rest_route=%2Fwp%2Fv2%2Fproduct_brand&post=956"},{"taxonomy":"product_cat","embeddable":true,"href":"https:\/\/today.fi\/index.php?rest_route=%2Fwp%2Fv2%2Fproduct_cat&post=956"},{"taxonomy":"product_tag","embeddable":true,"href":"https:\/\/today.fi\/index.php?rest_route=%2Fwp%2Fv2%2Fproduct_tag&post=956"}],"curies":[{"name":"wp","href":"https:\/\/api.w.org\/{rel}","templated":true}]}}