{"id":962,"date":"2025-06-24T06:58:07","date_gmt":"2025-06-24T04:58:07","guid":{"rendered":"https:\/\/today.fi\/?post_type=product&#038;p=962"},"modified":"2026-03-25T14:08:27","modified_gmt":"2026-03-25T12:08:27","slug":"25506-italy-kukkapaita","status":"publish","type":"product","link":"https:\/\/today.fi\/?product=25506-italy-kukkapaita","title":{"rendered":"25506 Italy kukkapaita"},"content":{"rendered":"<p>100% cotton, pellavann\u00e4k\u00f6inen materiaali.<\/p>\n<p>OneSize ( M-XL).<\/p>\n<p>V-aukko p\u00e4\u00e4ntiess\u00e4.<\/p>\n<p>Hihoissa r\u00f6yhel\u00f6y.<\/p>\n<p>Suoramalli.<\/p>\n<p>Kai-kai 58cm. Olka-helma 64cm.<\/p>\n","protected":false},"excerpt":{"rendered":"<p>100% cotton, pellavann\u00e4k\u00f6inen materiaali. OneSize ( M-XL). V-aukko p\u00e4\u00e4ntiess\u00e4. Hihoissa r\u00f6yhel\u00f6y. Suoramalli. Kai-kai 58cm. Olka-helma 64cm.<\/p>\n","protected":false},"featured_media":1009,"comment_status":"open","ping_status":"closed","template":"","meta":{"_et_pb_use_builder":"","_et_pb_old_content":"","_et_gb_content_width":""},"product_brand":[],"product_cat":[26],"product_tag":[],"class_list":{"0":"post-962","1":"product","2":"type-product","3":"status-publish","4":"has-post-thumbnail","6":"product_cat-ylaosat","8":"first","9":"instock","10":"taxable","11":"shipping-taxable","12":"purchasable","13":"product-type-variable"},"jetpack_sharing_enabled":true,"_links":{"self":[{"href":"https:\/\/today.fi\/index.php?rest_route=\/wp\/v2\/product\/962","targetHints":{"allow":["GET"]}}],"collection":[{"href":"https:\/\/today.fi\/index.php?rest_route=\/wp\/v2\/product"}],"about":[{"href":"https:\/\/today.fi\/index.php?rest_route=\/wp\/v2\/types\/product"}],"replies":[{"embeddable":true,"href":"https:\/\/today.fi\/index.php?rest_route=%2Fwp%2Fv2%2Fcomments&post=962"}],"wp:featuredmedia":[{"embeddable":true,"href":"https:\/\/today.fi\/index.php?rest_route=\/wp\/v2\/media\/1009"}],"wp:attachment":[{"href":"https:\/\/today.fi\/index.php?rest_route=%2Fwp%2Fv2%2Fmedia&parent=962"}],"wp:term":[{"taxonomy":"product_brand","embeddable":true,"href":"https:\/\/today.fi\/index.php?rest_route=%2Fwp%2Fv2%2Fproduct_brand&post=962"},{"taxonomy":"product_cat","embeddable":true,"href":"https:\/\/today.fi\/index.php?rest_route=%2Fwp%2Fv2%2Fproduct_cat&post=962"},{"taxonomy":"product_tag","embeddable":true,"href":"https:\/\/today.fi\/index.php?rest_route=%2Fwp%2Fv2%2Fproduct_tag&post=962"}],"curies":[{"name":"wp","href":"https:\/\/api.w.org\/{rel}","templated":true}]}}