{"id":988,"date":"2025-06-24T06:58:29","date_gmt":"2025-06-24T04:58:29","guid":{"rendered":"https:\/\/today.fi\/?post_type=product&#038;p=988"},"modified":"2026-03-25T14:07:27","modified_gmt":"2026-03-25T12:07:27","slug":"x5-382-findlay-pistokas","status":"publish","type":"product","link":"https:\/\/today.fi\/?product=x5-382-findlay-pistokas","title":{"rendered":"X5-382 Findlay Pistokas"},"content":{"rendered":"<p>Sis\u00e4pinta: Nupukkimainen tekstiili.<\/p>\n<p>Pohja: Paksu pohja 4cm.Juuttipunos ja korkki.<\/p>\n<p>Normaali kokoluokka.<\/p>\n<p>S\u00e4\u00e4dett\u00e4v\u00e4t remmit.<\/p>\n<p>&nbsp;<\/p>\n","protected":false},"excerpt":{"rendered":"<p>Sis\u00e4pinta: Nupukkimainen tekstiili. Pohja: Paksu pohja 4cm.Juuttipunos ja korkki. Normaali kokoluokka. S\u00e4\u00e4dett\u00e4v\u00e4t remmit. &nbsp;<\/p>\n","protected":false},"featured_media":1021,"comment_status":"open","ping_status":"closed","template":"","meta":{"_et_pb_use_builder":"","_et_pb_old_content":"","_et_gb_content_width":""},"product_brand":[],"product_cat":[23],"product_tag":[],"class_list":{"0":"post-988","1":"product","2":"type-product","3":"status-publish","4":"has-post-thumbnail","6":"product_cat-kengat","8":"first","9":"instock","10":"taxable","11":"shipping-taxable","12":"purchasable","13":"product-type-variable"},"jetpack_sharing_enabled":true,"_links":{"self":[{"href":"https:\/\/today.fi\/index.php?rest_route=\/wp\/v2\/product\/988","targetHints":{"allow":["GET"]}}],"collection":[{"href":"https:\/\/today.fi\/index.php?rest_route=\/wp\/v2\/product"}],"about":[{"href":"https:\/\/today.fi\/index.php?rest_route=\/wp\/v2\/types\/product"}],"replies":[{"embeddable":true,"href":"https:\/\/today.fi\/index.php?rest_route=%2Fwp%2Fv2%2Fcomments&post=988"}],"wp:featuredmedia":[{"embeddable":true,"href":"https:\/\/today.fi\/index.php?rest_route=\/wp\/v2\/media\/1021"}],"wp:attachment":[{"href":"https:\/\/today.fi\/index.php?rest_route=%2Fwp%2Fv2%2Fmedia&parent=988"}],"wp:term":[{"taxonomy":"product_brand","embeddable":true,"href":"https:\/\/today.fi\/index.php?rest_route=%2Fwp%2Fv2%2Fproduct_brand&post=988"},{"taxonomy":"product_cat","embeddable":true,"href":"https:\/\/today.fi\/index.php?rest_route=%2Fwp%2Fv2%2Fproduct_cat&post=988"},{"taxonomy":"product_tag","embeddable":true,"href":"https:\/\/today.fi\/index.php?rest_route=%2Fwp%2Fv2%2Fproduct_tag&post=988"}],"curies":[{"name":"wp","href":"https:\/\/api.w.org\/{rel}","templated":true}]}}