{"id":994,"date":"2025-06-24T06:58:30","date_gmt":"2025-06-24T04:58:30","guid":{"rendered":"https:\/\/today.fi\/?post_type=product&#038;p=994"},"modified":"2026-03-26T15:52:22","modified_gmt":"2026-03-26T13:52:22","slug":"pallomekko-1806","status":"publish","type":"product","link":"https:\/\/today.fi\/?product=pallomekko-1806","title":{"rendered":"Pallomekko 1806"},"content":{"rendered":"<p>95% viskoosi, 5% elastaani.<\/p>\n<p>Onesize (38-44).<\/p>\n<p>Mukana kaunis venyv\u00e4 punosvy\u00f6.<\/p>\n<p>V-p\u00e4\u00e4ntie. Lyhyet hihat.<\/p>\n<p>Sivusaumassa taskut.<\/p>\n<p>Kai-kai 64cm. Olka-helma 117cm.<\/p>\n","protected":false},"excerpt":{"rendered":"<p>95% viskoosi, 5% elastaani. Onesize (38-44). Mukana kaunis venyv\u00e4 punosvy\u00f6. V-p\u00e4\u00e4ntie. Lyhyet hihat. Sivusaumassa taskut. Kai-kai 64cm. Olka-helma 117cm.<\/p>\n","protected":false},"featured_media":1025,"comment_status":"open","ping_status":"closed","template":"","meta":{"_et_pb_use_builder":"","_et_pb_old_content":"","_et_gb_content_width":""},"product_brand":[],"product_cat":[25],"product_tag":[],"class_list":{"0":"post-994","1":"product","2":"type-product","3":"status-publish","4":"has-post-thumbnail","6":"product_cat-mekot","8":"first","9":"instock","10":"taxable","11":"shipping-taxable","12":"purchasable","13":"product-type-variable"},"jetpack_sharing_enabled":true,"_links":{"self":[{"href":"https:\/\/today.fi\/index.php?rest_route=\/wp\/v2\/product\/994","targetHints":{"allow":["GET"]}}],"collection":[{"href":"https:\/\/today.fi\/index.php?rest_route=\/wp\/v2\/product"}],"about":[{"href":"https:\/\/today.fi\/index.php?rest_route=\/wp\/v2\/types\/product"}],"replies":[{"embeddable":true,"href":"https:\/\/today.fi\/index.php?rest_route=%2Fwp%2Fv2%2Fcomments&post=994"}],"wp:featuredmedia":[{"embeddable":true,"href":"https:\/\/today.fi\/index.php?rest_route=\/wp\/v2\/media\/1025"}],"wp:attachment":[{"href":"https:\/\/today.fi\/index.php?rest_route=%2Fwp%2Fv2%2Fmedia&parent=994"}],"wp:term":[{"taxonomy":"product_brand","embeddable":true,"href":"https:\/\/today.fi\/index.php?rest_route=%2Fwp%2Fv2%2Fproduct_brand&post=994"},{"taxonomy":"product_cat","embeddable":true,"href":"https:\/\/today.fi\/index.php?rest_route=%2Fwp%2Fv2%2Fproduct_cat&post=994"},{"taxonomy":"product_tag","embeddable":true,"href":"https:\/\/today.fi\/index.php?rest_route=%2Fwp%2Fv2%2Fproduct_tag&post=994"}],"curies":[{"name":"wp","href":"https:\/\/api.w.org\/{rel}","templated":true}]}}